{"id":1740,"date":"2021-06-10T00:49:17","date_gmt":"2021-06-10T00:51:36","guid":{"rendered":"https:\/\/shop.alausa.org\/?post_type=product&#038;p=1740"},"modified":"2021-06-10T00:51:37","modified_gmt":"2021-06-10T00:51:37","slug":"a-ala-logo-burtnica","status":"publish","type":"product","link":"https:\/\/shop.alausa.org\/lv\/product\/a-ala-logo-burtnica\/","title":{"rendered":"&#8220;A&#8221; ALA logo burtn\u012bca"},"content":{"rendered":"<p>Kvalitat\u012bva melna Moleskine burtn\u012bca ar gai\u0161u zilu logo.<\/p>\n","protected":false},"excerpt":{"rendered":"<p>Kvalitat\u012bva melna Moleskine burtn\u012bca ar gai\u0161u zilu logo.<\/p>\n","protected":false},"featured_media":1730,"template":"","meta":[],"product_cat":[38],"product_tag":[],"_links":{"self":[{"href":"https:\/\/shop.alausa.org\/lv\/wp-json\/wp\/v2\/product\/1740"}],"collection":[{"href":"https:\/\/shop.alausa.org\/lv\/wp-json\/wp\/v2\/product"}],"about":[{"href":"https:\/\/shop.alausa.org\/lv\/wp-json\/wp\/v2\/types\/product"}],"wp:featuredmedia":[{"embeddable":true,"href":"https:\/\/shop.alausa.org\/lv\/wp-json\/wp\/v2\/media\/1730"}],"wp:attachment":[{"href":"https:\/\/shop.alausa.org\/lv\/wp-json\/wp\/v2\/media?parent=1740"}],"wp:term":[{"taxonomy":"product_cat","embeddable":true,"href":"https:\/\/shop.alausa.org\/lv\/wp-json\/wp\/v2\/product_cat?post=1740"},{"taxonomy":"product_tag","embeddable":true,"href":"https:\/\/shop.alausa.org\/lv\/wp-json\/wp\/v2\/product_tag?post=1740"}],"curies":[{"name":"wp","href":"https:\/\/api.w.org\/{rel}","templated":true}]}}