{"id":1691,"date":"2021-02-03T00:00:15","date_gmt":"2021-02-03T00:03:18","guid":{"rendered":"https:\/\/shop.alausa.org\/?post_type=product&#038;p=1691"},"modified":"2021-02-03T00:03:18","modified_gmt":"2021-02-03T00:03:18","slug":"ala70-viriesu-crew-izgriezuma-t-krekls-zils","status":"publish","type":"product","link":"https:\/\/shop.alausa.org\/lv\/product\/ala70-viriesu-crew-izgriezuma-t-krekls-zils\/","title":{"rendered":"ALA70 V\u012brie\u0161u \u201cCrew\u201d-izgriezuma T-krekls (Zils)"},"content":{"rendered":"<p>Iepaz\u012bstieties ar J\u016bsu jauno m\u012b\u013c\u0101ko t-kreklu! Izcili \u0113rts un pat\u012bkams, kas nemain\u012bs kr\u0101su p\u0113c mazg\u0101\u0161anas. Dizains ar latviskiem ornamentiem ir unik\u0101ls un simboliz\u0113 dienu, kad pirms 70 gadiem, 1951. gada 19. j\u016blij\u0101, tika dibin\u0101ta ALA! Aicin\u0101m apskat\u012bt ar\u012b p\u0101r\u0113jo ALA70 kolekciju.<\/p>\n<ul>\n<li>95% poliesters, 5% elast\u0113ns<\/li>\n<li>Modela garums ir 182 cm\/6 ft, krekla izm\u0113rs M<\/li>\n<\/ul>\n","protected":false},"excerpt":{"rendered":"<p>Iepaz\u012bstieties ar J\u016bsu jauno m\u012b\u013c\u0101ko t-kreklu! Izcili \u0113rts un pat\u012bkams, kas nemain\u012bs kr\u0101su p\u0113c mazg\u0101\u0161anas. Dizains ar latviskiem ornamentiem ir unik\u0101ls un simboliz\u0113 dienu, kad pirms 70 gadiem, 1951. gada 19. j\u016blij\u0101, tika dibin\u0101ta ALA! Aicin\u0101m apskat\u012bt ar\u012b p\u0101r\u0113jo ALA70 kolekciju. 95% poliesters, 5% elast\u0113ns Modela garums ir 182 cm\/6 ft, krekla izm\u0113rs M<\/p>\n","protected":false},"featured_media":1686,"template":"","meta":[],"product_cat":[34,33],"product_tag":[],"_links":{"self":[{"href":"https:\/\/shop.alausa.org\/lv\/wp-json\/wp\/v2\/product\/1691"}],"collection":[{"href":"https:\/\/shop.alausa.org\/lv\/wp-json\/wp\/v2\/product"}],"about":[{"href":"https:\/\/shop.alausa.org\/lv\/wp-json\/wp\/v2\/types\/product"}],"wp:featuredmedia":[{"embeddable":true,"href":"https:\/\/shop.alausa.org\/lv\/wp-json\/wp\/v2\/media\/1686"}],"wp:attachment":[{"href":"https:\/\/shop.alausa.org\/lv\/wp-json\/wp\/v2\/media?parent=1691"}],"wp:term":[{"taxonomy":"product_cat","embeddable":true,"href":"https:\/\/shop.alausa.org\/lv\/wp-json\/wp\/v2\/product_cat?post=1691"},{"taxonomy":"product_tag","embeddable":true,"href":"https:\/\/shop.alausa.org\/lv\/wp-json\/wp\/v2\/product_tag?post=1691"}],"curies":[{"name":"wp","href":"https:\/\/api.w.org\/{rel}","templated":true}]}}