{"id":1584,"date":"2020-11-09T19:27:09","date_gmt":"2020-11-09T19:27:09","guid":{"rendered":"https:\/\/shop.alausa.org\/product\/ala-50-lidz-lv100-book\/"},"modified":"2020-11-10T07:59:38","modified_gmt":"2020-11-10T07:59:38","slug":"ala-50-lidz-lv100-book","status":"publish","type":"product","link":"https:\/\/shop.alausa.org\/lv\/product\/ala-50-lidz-lv100-book\/","title":{"rendered":"&#8220;ALA 50 L\u012bdz LV100&#8221; gr\u0101mata"},"content":{"rendered":"<p>Gr\u0101mata ALA no 50 l\u012bdz 100. Sasniegumi un pan\u0101kumi, organiz\u0101cijas v\u0113sture no 2001. l\u012bdz 2018. gadam (latvie\u0161u valod\u0101).<\/p>\n<p>Autores &#8211; Ilze Garoza un Anita T\u0113rauda.<\/p>\n<p>Izdota R\u012bg\u0101 (SIA VESTA-LK, 2018).<\/p>\n<p>&nbsp;<\/p>\n","protected":false},"excerpt":{"rendered":"<p>Gr\u0101mata ALA no 50 l\u012bdz 100. Sasniegumi un pan\u0101kumi, organiz\u0101cijas v\u0113sture no 2001. l\u012bdz 2018. gadam (latvie\u0161u valod\u0101). Autores &#8211; Ilze Garoza un Anita T\u0113rauda. Izdota R\u012bg\u0101 (SIA VESTA-LK, 2018). &nbsp;<\/p>\n","protected":false},"featured_media":1581,"template":"","meta":[],"product_cat":[40],"product_tag":[],"_links":{"self":[{"href":"https:\/\/shop.alausa.org\/lv\/wp-json\/wp\/v2\/product\/1584"}],"collection":[{"href":"https:\/\/shop.alausa.org\/lv\/wp-json\/wp\/v2\/product"}],"about":[{"href":"https:\/\/shop.alausa.org\/lv\/wp-json\/wp\/v2\/types\/product"}],"wp:featuredmedia":[{"embeddable":true,"href":"https:\/\/shop.alausa.org\/lv\/wp-json\/wp\/v2\/media\/1581"}],"wp:attachment":[{"href":"https:\/\/shop.alausa.org\/lv\/wp-json\/wp\/v2\/media?parent=1584"}],"wp:term":[{"taxonomy":"product_cat","embeddable":true,"href":"https:\/\/shop.alausa.org\/lv\/wp-json\/wp\/v2\/product_cat?post=1584"},{"taxonomy":"product_tag","embeddable":true,"href":"https:\/\/shop.alausa.org\/lv\/wp-json\/wp\/v2\/product_tag?post=1584"}],"curies":[{"name":"wp","href":"https:\/\/api.w.org\/{rel}","templated":true}]}}