{"id":1563,"date":"2020-09-28T21:28:48","date_gmt":"2020-09-28T21:32:15","guid":{"rendered":"https:\/\/shop.alausa.org\/?post_type=product&#038;p=1563"},"modified":"2022-11-08T17:42:28","modified_gmt":"2022-11-08T17:42:28","slug":"face-mask-black","status":"publish","type":"product","link":"https:\/\/shop.alausa.org\/lv\/product\/face-mask-black\/","title":{"rendered":"Sejas aizsargmaska (melna)"},"content":{"rendered":"<p>Vair\u0101kk\u0101rt\u0113jas lieto\u0161anas aizsargmaska ar regul\u0113jamu deguna stiepli un ausu cilp\u0101m. Izv\u0113lieties dizainu, atbilsto\u0161i j\u016bsu stilam!<\/p>\n<ul>\n<li>100% m\u012bksta poliestera mikro\u0161\u0137iedra<\/li>\n<li>Auduma svars: 2,4\u20132,5 oz \/ yd\u00b2 (80\u201385 g \/ m\u00b2)<\/li>\n<li>Deguna stieple, kas pal\u012bdz piel\u0101got masku<\/li>\n<li>Elast\u012bgas ausu cilpas ar gumijas izm\u0113ra regulatoriem<\/li>\n<li>Kabata filtram vai salvetei<\/li>\n<li>Var mazg\u0101t un lietot atk\u0101rtoti<\/li>\n<\/ul>\n","protected":false},"excerpt":{"rendered":"<p>Vair\u0101kk\u0101rt\u0113jas lieto\u0161anas aizsargmaska ar regul\u0113jamu deguna stiepli un ausu cilp\u0101m. Izv\u0113lieties dizainu, atbilsto\u0161i j\u016bsu stilam! 100% m\u012bksta poliestera mikro\u0161\u0137iedra Auduma svars: 2,4\u20132,5 oz \/ yd\u00b2 (80\u201385 g \/ m\u00b2) Deguna stieple, kas pal\u012bdz piel\u0101got masku Elast\u012bgas ausu cilpas ar gumijas izm\u0113ra regulatoriem Kabata filtram vai salvetei Var mazg\u0101t un lietot atk\u0101rtoti<\/p>\n","protected":false},"featured_media":1805,"template":"","meta":[],"product_cat":[38],"product_tag":[],"_links":{"self":[{"href":"https:\/\/shop.alausa.org\/lv\/wp-json\/wp\/v2\/product\/1563"}],"collection":[{"href":"https:\/\/shop.alausa.org\/lv\/wp-json\/wp\/v2\/product"}],"about":[{"href":"https:\/\/shop.alausa.org\/lv\/wp-json\/wp\/v2\/types\/product"}],"wp:featuredmedia":[{"embeddable":true,"href":"https:\/\/shop.alausa.org\/lv\/wp-json\/wp\/v2\/media\/1805"}],"wp:attachment":[{"href":"https:\/\/shop.alausa.org\/lv\/wp-json\/wp\/v2\/media?parent=1563"}],"wp:term":[{"taxonomy":"product_cat","embeddable":true,"href":"https:\/\/shop.alausa.org\/lv\/wp-json\/wp\/v2\/product_cat?post=1563"},{"taxonomy":"product_tag","embeddable":true,"href":"https:\/\/shop.alausa.org\/lv\/wp-json\/wp\/v2\/product_tag?post=1563"}],"curies":[{"name":"wp","href":"https:\/\/api.w.org\/{rel}","templated":true}]}}