{"id":1544,"date":"2020-09-28T21:04:34","date_gmt":"2020-09-28T21:19:57","guid":{"rendered":"https:\/\/shop.alausa.org\/?post_type=product&#038;p=1544"},"modified":"2020-11-09T19:00:43","modified_gmt":"2020-11-09T19:00:43","slug":"iphone-11-case","status":"publish","type":"product","link":"https:\/\/shop.alausa.org\/lv\/product\/iphone-11-case\/","title":{"rendered":"iPhone 11 aizsargv\u0101ci\u0146\u0161"},"content":{"rendered":"<p>Aizsargv\u0101ci\u0146\u0161 pasarg\u0101s telefonu no skr\u0101p\u0113jumiem, putek\u013ciem, taukainiem nospiedumiem un net\u012brumiem. Stingra aizmugure un elast\u012bgas malas ar prec\u012bzi izgriezt\u0101m piesl\u0113gviet\u0101m; viegli uzliekams un no\u0146emams.<\/p>\n<ul>\n<li>No BPA br\u012bvs termoplastisk\u0101 poliuret\u0101na (TPU) un polikarbon\u0101ta (PC) materi\u0101ls<\/li>\n<li>Stingra polikarbon\u0101ta aizmugure<\/li>\n<li>Elast\u012bgas 5mm augstas caursp\u012bd\u012bga poliuret\u0101na malas<\/li>\n<li>Piem\u0113rots bezvadu uzl\u0101dei<\/li>\n<li>SE aizsargv\u0101ks der\u0113s 2020. gada iPhone SE modelim<\/li>\n<\/ul>\n","protected":false},"excerpt":{"rendered":"<p>Aizsargv\u0101ci\u0146\u0161 pasarg\u0101s telefonu no skr\u0101p\u0113jumiem, putek\u013ciem, taukainiem nospiedumiem un net\u012brumiem. Stingra aizmugure un elast\u012bgas malas ar prec\u012bzi izgriezt\u0101m piesl\u0113gviet\u0101m; viegli uzliekams un no\u0146emams. No BPA br\u012bvs termoplastisk\u0101 poliuret\u0101na (TPU) un polikarbon\u0101ta (PC) materi\u0101ls Stingra polikarbon\u0101ta aizmugure Elast\u012bgas 5mm augstas caursp\u012bd\u012bga poliuret\u0101na malas Piem\u0113rots bezvadu uzl\u0101dei SE aizsargv\u0101ks der\u0113s 2020. gada iPhone SE modelim<\/p>\n","protected":false},"featured_media":1453,"template":"","meta":[],"product_cat":[38],"product_tag":[],"_links":{"self":[{"href":"https:\/\/shop.alausa.org\/lv\/wp-json\/wp\/v2\/product\/1544"}],"collection":[{"href":"https:\/\/shop.alausa.org\/lv\/wp-json\/wp\/v2\/product"}],"about":[{"href":"https:\/\/shop.alausa.org\/lv\/wp-json\/wp\/v2\/types\/product"}],"wp:featuredmedia":[{"embeddable":true,"href":"https:\/\/shop.alausa.org\/lv\/wp-json\/wp\/v2\/media\/1453"}],"wp:attachment":[{"href":"https:\/\/shop.alausa.org\/lv\/wp-json\/wp\/v2\/media?parent=1544"}],"wp:term":[{"taxonomy":"product_cat","embeddable":true,"href":"https:\/\/shop.alausa.org\/lv\/wp-json\/wp\/v2\/product_cat?post=1544"},{"taxonomy":"product_tag","embeddable":true,"href":"https:\/\/shop.alausa.org\/lv\/wp-json\/wp\/v2\/product_tag?post=1544"}],"curies":[{"name":"wp","href":"https:\/\/api.w.org\/{rel}","templated":true}]}}