{"id":1432,"date":"2020-06-17T14:05:33","date_gmt":"2020-09-28T20:36:01","guid":{"rendered":"https:\/\/shop.alausa.org\/?post_type=product&#038;p=1432"},"modified":"2020-11-09T18:58:40","modified_gmt":"2020-11-09T18:58:40","slug":"bubble-free-stickers","status":"publish","type":"product","link":"https:\/\/shop.alausa.org\/lv\/product\/bubble-free-stickers\/","title":{"rendered":"Uzl\u012bmes bez gaisa burbu\u013ciem"},"content":{"rendered":"<p>\u0160\u012bs uzl\u012bmes ir druk\u0101tas uz iztur\u012bga, necaursp\u012bd\u012bga, lip\u012bga vinila, kas padara t\u0101s \u0113rtas lieto\u0161anai un citu uzl\u012bmju vai kr\u0101sas noseg\u0161anai. Augstas kvalit\u0101tes vinils nodro\u0161ina, ka, uzliekot uzl\u012bmes, neveidojas gaisa burbu\u013ci.<\/p>\n<ul>\n<li>Augstas necaurredzam\u012bbas materi\u0101ls<\/li>\n<li>\u0100tra un \u0113rta lieto\u0161ana<\/li>\n<li>Iztur\u012bgs vinils, piem\u0113rots lieto\u0161anai iek\u0161telp\u0101s<\/li>\n<li>Bl\u012bvums 95\u00b5<\/li>\n<\/ul>\n<p>Pirms uzl\u012bmes uzlik\u0161anas neaizmirstiet not\u012br\u012bt priek\u0161meta virsmu!<\/p>\n","protected":false},"excerpt":{"rendered":"<p>\u0160\u012bs uzl\u012bmes ir druk\u0101tas uz iztur\u012bga, necaursp\u012bd\u012bga, lip\u012bga vinila, kas padara t\u0101s \u0113rtas lieto\u0161anai un citu uzl\u012bmju vai kr\u0101sas noseg\u0161anai. Augstas kvalit\u0101tes vinils nodro\u0161ina, ka, uzliekot uzl\u012bmes, neveidojas gaisa burbu\u013ci. Augstas necaurredzam\u012bbas materi\u0101ls \u0100tra un \u0113rta lieto\u0161ana Iztur\u012bgs vinils, piem\u0113rots lieto\u0161anai iek\u0161telp\u0101s Bl\u012bvums 95\u00b5 Pirms uzl\u012bmes uzlik\u0161anas neaizmirstiet not\u012br\u012bt priek\u0161meta virsmu!<\/p>\n","protected":false},"featured_media":299,"template":"","meta":[],"product_cat":[38],"product_tag":[],"_links":{"self":[{"href":"https:\/\/shop.alausa.org\/lv\/wp-json\/wp\/v2\/product\/1432"}],"collection":[{"href":"https:\/\/shop.alausa.org\/lv\/wp-json\/wp\/v2\/product"}],"about":[{"href":"https:\/\/shop.alausa.org\/lv\/wp-json\/wp\/v2\/types\/product"}],"wp:featuredmedia":[{"embeddable":true,"href":"https:\/\/shop.alausa.org\/lv\/wp-json\/wp\/v2\/media\/299"}],"wp:attachment":[{"href":"https:\/\/shop.alausa.org\/lv\/wp-json\/wp\/v2\/media?parent=1432"}],"wp:term":[{"taxonomy":"product_cat","embeddable":true,"href":"https:\/\/shop.alausa.org\/lv\/wp-json\/wp\/v2\/product_cat?post=1432"},{"taxonomy":"product_tag","embeddable":true,"href":"https:\/\/shop.alausa.org\/lv\/wp-json\/wp\/v2\/product_tag?post=1432"}],"curies":[{"name":"wp","href":"https:\/\/api.w.org\/{rel}","templated":true}]}}