{"id":1400,"date":"2020-07-15T23:59:57","date_gmt":"2020-09-28T21:51:59","guid":{"rendered":"https:\/\/shop.alausa.org\/?post_type=product&#038;p=1400"},"modified":"2020-11-24T17:33:19","modified_gmt":"2020-11-24T17:33:19","slug":"ala70-peach-neck-gaiter","status":"publish","type":"product","link":"https:\/\/shop.alausa.org\/lv\/product\/ala70-peach-neck-gaiter\/","title":{"rendered":"ALA70 \u0161alle (sarkana)"},"content":{"rendered":"<p>\u0160o kakla \u0161alli var lietot siltumam, k\u0101 sejas aizsargu, galvas aps\u0113ju vai rokasspr\u0101dzi. \u0160alles dizains ar latviskiem ornamentiem ir unik\u0101ls un simboliz\u0113 dienu, kad pirms 70 gadiem, 1951. gada 19. j\u016blij\u0101, tika dibin\u0101ta ALA! Aicin\u0101m apskat\u012bt ar\u012b p\u0101r\u0113jo ALA70 kolekciju.<\/p>\n<p>\u2022 95% poliesters, 5% elast\u0113ns<\/p>\n","protected":false},"excerpt":{"rendered":"<p>\u0160o kakla \u0161alli var lietot siltumam, k\u0101 sejas aizsargu, galvas aps\u0113ju vai rokasspr\u0101dzi. \u0160alles dizains ar latviskiem ornamentiem ir unik\u0101ls un simboliz\u0113 dienu, kad pirms 70 gadiem, 1951. gada 19. j\u016blij\u0101, tika dibin\u0101ta ALA! Aicin\u0101m apskat\u012bt ar\u012b p\u0101r\u0113jo ALA70 kolekciju. \u2022 95% poliesters, 5% elast\u0113ns<\/p>\n","protected":false},"featured_media":434,"template":"","meta":[],"product_cat":[34,38],"product_tag":[],"_links":{"self":[{"href":"https:\/\/shop.alausa.org\/lv\/wp-json\/wp\/v2\/product\/1400"}],"collection":[{"href":"https:\/\/shop.alausa.org\/lv\/wp-json\/wp\/v2\/product"}],"about":[{"href":"https:\/\/shop.alausa.org\/lv\/wp-json\/wp\/v2\/types\/product"}],"wp:featuredmedia":[{"embeddable":true,"href":"https:\/\/shop.alausa.org\/lv\/wp-json\/wp\/v2\/media\/434"}],"wp:attachment":[{"href":"https:\/\/shop.alausa.org\/lv\/wp-json\/wp\/v2\/media?parent=1400"}],"wp:term":[{"taxonomy":"product_cat","embeddable":true,"href":"https:\/\/shop.alausa.org\/lv\/wp-json\/wp\/v2\/product_cat?post=1400"},{"taxonomy":"product_tag","embeddable":true,"href":"https:\/\/shop.alausa.org\/lv\/wp-json\/wp\/v2\/product_tag?post=1400"}],"curies":[{"name":"wp","href":"https:\/\/api.w.org\/{rel}","templated":true}]}}