{"id":1373,"date":"2020-08-05T19:36:34","date_gmt":"2020-09-28T20:09:32","guid":{"rendered":"https:\/\/shop.alausa.org\/?post_type=product&#038;p=1373"},"modified":"2020-11-09T18:53:16","modified_gmt":"2020-11-09T18:53:16","slug":"unisex-tri-blend-track-shirt","status":"publish","type":"product","link":"https:\/\/shop.alausa.org\/lv\/product\/unisex-tri-blend-track-shirt\/","title":{"rendered":"Tr\u012bs\u0161\u0137iedru sporta krekls (unisex griezums)"},"content":{"rendered":"<p>Pied\u0101v\u0101jam jaunu <em>crewneck<\/em> sporta kreklu. Tas austs, apvienojot poliestera, kokvilnas un viskozes \u0161\u0137iedras, t\u0101d\u0113j\u0101di radot lielisku tekst\u016bru. Audums nodro\u0161ina krekla elast\u012bbu un ar\u012b formas saglab\u0101\u0161anu; tas ir iztur\u012bgs un \u0113rts, ar slaid\u0101ku siluetu.<\/p>\n<ul>\n<li>Z\u012bmols: American Apparel<\/li>\n<li>50% poliesters, 25% \u0137emm\u0113t\u0101 kokvilna, 25% viskoze<\/li>\n<li>7\/8 &#8220;(2,22 cm) <em>crewneck<\/em> kakla izgriezums ar iztur\u012bgu rievotas lentas apdari<\/li>\n<li>1 &#8220;(2,54 cm) apak\u0161malas apdare ar dubultadatu<\/li>\n<li>1 &#8220;(2,54 cm) piedurknes apdare ar neredzamo d\u016brienu<\/li>\n<li>Plecu v\u012bles nostiprin\u0101tas ar lentu<\/li>\n<li>Abpus\u0113j\u0101 sat\u012bna birka<\/li>\n<li>S\u0101nu v\u012bles<\/li>\n<li>Ra\u017eots ASV<\/li>\n<\/ul>\n","protected":false},"excerpt":{"rendered":"<p>Pied\u0101v\u0101jam jaunu crewneck sporta kreklu. Tas austs, apvienojot poliestera, kokvilnas un viskozes \u0161\u0137iedras, t\u0101d\u0113j\u0101di radot lielisku tekst\u016bru. Audums nodro\u0161ina krekla elast\u012bbu un ar\u012b formas saglab\u0101\u0161anu; tas ir iztur\u012bgs un \u0113rts, ar slaid\u0101ku siluetu. Z\u012bmols: American Apparel 50% poliesters, 25% \u0137emm\u0113t\u0101 kokvilna, 25% viskoze 7\/8 &#8220;(2,22 cm) crewneck kakla izgriezums ar iztur\u012bgu rievotas lentas apdari 1 [&hellip;]<\/p>\n","protected":false},"featured_media":489,"template":"","meta":[],"product_cat":[33],"product_tag":[],"_links":{"self":[{"href":"https:\/\/shop.alausa.org\/lv\/wp-json\/wp\/v2\/product\/1373"}],"collection":[{"href":"https:\/\/shop.alausa.org\/lv\/wp-json\/wp\/v2\/product"}],"about":[{"href":"https:\/\/shop.alausa.org\/lv\/wp-json\/wp\/v2\/types\/product"}],"wp:featuredmedia":[{"embeddable":true,"href":"https:\/\/shop.alausa.org\/lv\/wp-json\/wp\/v2\/media\/489"}],"wp:attachment":[{"href":"https:\/\/shop.alausa.org\/lv\/wp-json\/wp\/v2\/media?parent=1373"}],"wp:term":[{"taxonomy":"product_cat","embeddable":true,"href":"https:\/\/shop.alausa.org\/lv\/wp-json\/wp\/v2\/product_cat?post=1373"},{"taxonomy":"product_tag","embeddable":true,"href":"https:\/\/shop.alausa.org\/lv\/wp-json\/wp\/v2\/product_tag?post=1373"}],"curies":[{"name":"wp","href":"https:\/\/api.w.org\/{rel}","templated":true}]}}