{"id":1341,"date":"2020-08-06T17:22:39","date_gmt":"2020-09-28T20:06:10","guid":{"rendered":"https:\/\/shop.alausa.org\/?post_type=product&#038;p=1341"},"modified":"2020-11-09T18:49:19","modified_gmt":"2020-11-09T18:49:19","slug":"ladies-modern-t-shirt","status":"publish","type":"product","link":"https:\/\/shop.alausa.org\/lv\/product\/ladies-modern-t-shirt\/","title":{"rendered":"M\u016bsdien\u012bgs sievie\u0161u T-krekls"},"content":{"rendered":"<p>\u012apa\u0161i m\u012bksts, piegu\u013co\u0161s krekls no elpojo\u0161a auduma, ar nedaudz dzi\u013c\u0101ku kakla izgriezumu.<\/p>\n<ul>\n<li>Z\u012bmols: Bella + Canvas<\/li>\n<li>Tr\u012bs\u0161\u0137iedru audums: 50% poliesters, 25% kokvilna, 25% viskoze<\/li>\n<li>Audums apstr\u0101d\u0101ts pret sarau\u0161anos<\/li>\n<li>Auduma bl\u012bvums: 40 vienk\u0101rtas diegi<\/li>\n<li><em>Crewneck<\/em> kakla izgriezums ar ie\u0161\u016bt\u0101m piedurkn\u0113m<\/li>\n<li>Piegu\u013co\u0161s<\/li>\n<\/ul>\n","protected":false},"excerpt":{"rendered":"<p>\u012apa\u0161i m\u012bksts, piegu\u013co\u0161s krekls no elpojo\u0161a auduma, ar nedaudz dzi\u013c\u0101ku kakla izgriezumu. Z\u012bmols: Bella + Canvas Tr\u012bs\u0161\u0137iedru audums: 50% poliesters, 25% kokvilna, 25% viskoze Audums apstr\u0101d\u0101ts pret sarau\u0161anos Auduma bl\u012bvums: 40 vienk\u0101rtas diegi Crewneck kakla izgriezums ar ie\u0161\u016bt\u0101m piedurkn\u0113m Piegu\u013co\u0161s<\/p>\n","protected":false},"featured_media":548,"template":"","meta":[],"product_cat":[33],"product_tag":[],"_links":{"self":[{"href":"https:\/\/shop.alausa.org\/lv\/wp-json\/wp\/v2\/product\/1341"}],"collection":[{"href":"https:\/\/shop.alausa.org\/lv\/wp-json\/wp\/v2\/product"}],"about":[{"href":"https:\/\/shop.alausa.org\/lv\/wp-json\/wp\/v2\/types\/product"}],"wp:featuredmedia":[{"embeddable":true,"href":"https:\/\/shop.alausa.org\/lv\/wp-json\/wp\/v2\/media\/548"}],"wp:attachment":[{"href":"https:\/\/shop.alausa.org\/lv\/wp-json\/wp\/v2\/media?parent=1341"}],"wp:term":[{"taxonomy":"product_cat","embeddable":true,"href":"https:\/\/shop.alausa.org\/lv\/wp-json\/wp\/v2\/product_cat?post=1341"},{"taxonomy":"product_tag","embeddable":true,"href":"https:\/\/shop.alausa.org\/lv\/wp-json\/wp\/v2\/product_tag?post=1341"}],"curies":[{"name":"wp","href":"https:\/\/api.w.org\/{rel}","templated":true}]}}