{"id":1338,"date":"2020-08-07T15:04:46","date_gmt":"2020-09-28T20:01:02","guid":{"rendered":"https:\/\/shop.alausa.org\/?post_type=product&#038;p=1338"},"modified":"2020-11-06T18:59:32","modified_gmt":"2020-11-06T18:59:32","slug":"embroidered-hat","status":"publish","type":"product","link":"https:\/\/shop.alausa.org\/lv\/product\/embroidered-hat\/","title":{"rendered":"Cepure ar iz\u0161\u016btu ALA logo"},"content":{"rendered":"<p>Zema profila cepure ar regul\u0113jamu lielumu un izliektu nagu.<\/p>\n<ul>\n<li>100% <em>chino<\/em> kokvilnas sar\u017ea audums<\/li>\n<li>M\u012bksta konstrukcija, 6 da\u013cas, zems profils<\/li>\n<li>Aug\u0161puses diametrs 3 \u215b \u201d (8 cm)<\/li>\n<li>Regul\u0113jama siksna ar veclaic\u012bgu spr\u0101dzi<\/li>\n<li>Piem\u0113rota galvas apk\u0101rtm\u0113ram 20 \u00bd \u201d- 21 \u215d\u201d (52-55 cm)<\/li>\n<\/ul>\n","protected":false},"excerpt":{"rendered":"<p>Zema profila cepure ar regul\u0113jamu lielumu un izliektu nagu. 100% chino kokvilnas sar\u017ea audums M\u012bksta konstrukcija, 6 da\u013cas, zems profils Aug\u0161puses diametrs 3 \u215b \u201d (8 cm) Regul\u0113jama siksna ar veclaic\u012bgu spr\u0101dzi Piem\u0113rota galvas apk\u0101rtm\u0113ram 20 \u00bd \u201d- 21 \u215d\u201d (52-55 cm)<\/p>\n","protected":false},"featured_media":581,"template":"","meta":[],"product_cat":[37],"product_tag":[],"_links":{"self":[{"href":"https:\/\/shop.alausa.org\/lv\/wp-json\/wp\/v2\/product\/1338"}],"collection":[{"href":"https:\/\/shop.alausa.org\/lv\/wp-json\/wp\/v2\/product"}],"about":[{"href":"https:\/\/shop.alausa.org\/lv\/wp-json\/wp\/v2\/types\/product"}],"wp:featuredmedia":[{"embeddable":true,"href":"https:\/\/shop.alausa.org\/lv\/wp-json\/wp\/v2\/media\/581"}],"wp:attachment":[{"href":"https:\/\/shop.alausa.org\/lv\/wp-json\/wp\/v2\/media?parent=1338"}],"wp:term":[{"taxonomy":"product_cat","embeddable":true,"href":"https:\/\/shop.alausa.org\/lv\/wp-json\/wp\/v2\/product_cat?post=1338"},{"taxonomy":"product_tag","embeddable":true,"href":"https:\/\/shop.alausa.org\/lv\/wp-json\/wp\/v2\/product_tag?post=1338"}],"curies":[{"name":"wp","href":"https:\/\/api.w.org\/{rel}","templated":true}]}}