{"id":1327,"date":"2020-08-08T22:35:00","date_gmt":"2020-09-28T19:59:41","guid":{"rendered":"https:\/\/shop.alausa.org\/?post_type=product&#038;p=1327"},"modified":"2020-11-06T18:58:52","modified_gmt":"2020-11-06T18:58:52","slug":"embroidered-polo-shirt","status":"publish","type":"product","link":"https:\/\/shop.alausa.org\/lv\/product\/embroidered-polo-shirt\/","title":{"rendered":"Polo krekls ar iz\u0161\u016btu ALA logo"},"content":{"rendered":"<p>\u0160is 100% kokvilnas polo krekls ir \u012bsts stila un elegances apvienojums. Smalkais iz\u0161uvums piesaist\u012bs uzman\u012bbu un b\u016bs lielisks iemesls sarunas uzs\u0101k\u0161anai.\u00a0 Pateicoties auduma iepriek\u0161\u0113jai apstr\u0101dei, krekls p\u0113c mazg\u0101\u0161anas nesarausies.<\/p>\n<ul>\n<li>100% pret sarau\u0161anos apstr\u0101d\u0101ts <em>ringspun<\/em> kokvilnas pik\u0113 (sporta pel\u0113kais audums satur 10% poliestera)<\/li>\n<li>Br\u012bvs griezums<\/li>\n<li>Smalks iz\u0161uvums kreisaj\u0101 pus\u0113 uz kr\u016bt\u012bm<\/li>\n<li>Apak\u0161mala apstr\u0101d\u0101ta ar dubulto adatu<\/li>\n<li>Tr\u012bs koka pogu aizdare<\/li>\n<\/ul>\n","protected":false},"excerpt":{"rendered":"<p>\u0160is 100% kokvilnas polo krekls ir \u012bsts stila un elegances apvienojums. Smalkais iz\u0161uvums piesaist\u012bs uzman\u012bbu un b\u016bs lielisks iemesls sarunas uzs\u0101k\u0161anai.\u00a0 Pateicoties auduma iepriek\u0161\u0113jai apstr\u0101dei, krekls p\u0113c mazg\u0101\u0161anas nesarausies. 100% pret sarau\u0161anos apstr\u0101d\u0101ts ringspun kokvilnas pik\u0113 (sporta pel\u0113kais audums satur 10% poliestera) Br\u012bvs griezums Smalks iz\u0161uvums kreisaj\u0101 pus\u0113 uz kr\u016bt\u012bm Apak\u0161mala apstr\u0101d\u0101ta ar dubulto adatu [&hellip;]<\/p>\n","protected":false},"featured_media":633,"template":"","meta":[],"product_cat":[33],"product_tag":[],"_links":{"self":[{"href":"https:\/\/shop.alausa.org\/lv\/wp-json\/wp\/v2\/product\/1327"}],"collection":[{"href":"https:\/\/shop.alausa.org\/lv\/wp-json\/wp\/v2\/product"}],"about":[{"href":"https:\/\/shop.alausa.org\/lv\/wp-json\/wp\/v2\/types\/product"}],"wp:featuredmedia":[{"embeddable":true,"href":"https:\/\/shop.alausa.org\/lv\/wp-json\/wp\/v2\/media\/633"}],"wp:attachment":[{"href":"https:\/\/shop.alausa.org\/lv\/wp-json\/wp\/v2\/media?parent=1327"}],"wp:term":[{"taxonomy":"product_cat","embeddable":true,"href":"https:\/\/shop.alausa.org\/lv\/wp-json\/wp\/v2\/product_cat?post=1327"},{"taxonomy":"product_tag","embeddable":true,"href":"https:\/\/shop.alausa.org\/lv\/wp-json\/wp\/v2\/product_tag?post=1327"}],"curies":[{"name":"wp","href":"https:\/\/api.w.org\/{rel}","templated":true}]}}