{"id":1299,"date":"2020-08-10T17:18:44","date_gmt":"2020-09-28T19:55:54","guid":{"rendered":"https:\/\/shop.alausa.org\/?post_type=product&#038;p=1299"},"modified":"2020-11-06T18:56:28","modified_gmt":"2020-11-06T18:56:28","slug":"a-is-for-ala-unisex-t-shirt","status":"publish","type":"product","link":"https:\/\/shop.alausa.org\/lv\/product\/a-is-for-ala-unisex-t-shirt\/","title":{"rendered":"T-krekls \u201cA noz\u012bm\u0113 ALA\u201d"},"content":{"rendered":"<p>T-krekls, par k\u0101du sap\u0146oj\u0101t &#8211; m\u012bksts, viegls un padodas tie\u0161i tik, cik nepiecie\u0161ams. \u0112rts valk\u0101\u0161an\u0101 un labi izskat\u012bsies gan v\u012brie\u0161iem, gan sieviet\u0113m.<\/p>\n<ul>\n<li>Z\u012bmols: Bella + Canvas<\/li>\n<li>100% \u0137emm\u0113t\u0101 un <em>ringspun<\/em> kokvilna (melan\u017e\u0113to kr\u0101su audumi satur poliesteru)<\/li>\n<li>Melan\u017e\u0113to audumu sast\u0101vs: 52% \u0137emm\u0113t\u0101 un r<em>ingspun<\/em> kokvilna, 48% poliesters<\/li>\n<li>Sporta un melnais melan\u017e\u0113tais audums: 90% \u0137emm\u0113t\u0101 un <em>ringspun<\/em> kokvilna, 10% poliesters<\/li>\n<li>Melan\u017e\u0113t\u0101s prizmas kr\u0101sas: 99% \u0137emm\u0113t\u0101 un <em>ringspun<\/em> kokvilna, 1% poliesters<\/li>\n<li>Auduma svars: 4.2 oz (142 g\/m2)<\/li>\n<li>Audums apstr\u0101d\u0101ts pret sarau\u0161anos<\/li>\n<li>Plecu v\u012bles nostiprin\u0101tas ar lentu<\/li>\n<li>S\u0101nu v\u012bles<\/li>\n<\/ul>\n","protected":false},"excerpt":{"rendered":"<p>T-krekls, par k\u0101du sap\u0146oj\u0101t &#8211; m\u012bksts, viegls un padodas tie\u0161i tik, cik nepiecie\u0161ams. \u0112rts valk\u0101\u0161an\u0101 un labi izskat\u012bsies gan v\u012brie\u0161iem, gan sieviet\u0113m. Z\u012bmols: Bella + Canvas 100% \u0137emm\u0113t\u0101 un ringspun kokvilna (melan\u017e\u0113to kr\u0101su audumi satur poliesteru) Melan\u017e\u0113to audumu sast\u0101vs: 52% \u0137emm\u0113t\u0101 un ringspun kokvilna, 48% poliesters Sporta un melnais melan\u017e\u0113tais audums: 90% \u0137emm\u0113t\u0101 un ringspun [&hellip;]<\/p>\n","protected":false},"featured_media":688,"template":"","meta":[],"product_cat":[33],"product_tag":[],"_links":{"self":[{"href":"https:\/\/shop.alausa.org\/lv\/wp-json\/wp\/v2\/product\/1299"}],"collection":[{"href":"https:\/\/shop.alausa.org\/lv\/wp-json\/wp\/v2\/product"}],"about":[{"href":"https:\/\/shop.alausa.org\/lv\/wp-json\/wp\/v2\/types\/product"}],"wp:featuredmedia":[{"embeddable":true,"href":"https:\/\/shop.alausa.org\/lv\/wp-json\/wp\/v2\/media\/688"}],"wp:attachment":[{"href":"https:\/\/shop.alausa.org\/lv\/wp-json\/wp\/v2\/media?parent=1299"}],"wp:term":[{"taxonomy":"product_cat","embeddable":true,"href":"https:\/\/shop.alausa.org\/lv\/wp-json\/wp\/v2\/product_cat?post=1299"},{"taxonomy":"product_tag","embeddable":true,"href":"https:\/\/shop.alausa.org\/lv\/wp-json\/wp\/v2\/product_tag?post=1299"}],"curies":[{"name":"wp","href":"https:\/\/api.w.org\/{rel}","templated":true}]}}