{"id":1284,"date":"2020-08-10T17:24:14","date_gmt":"2020-09-28T19:52:33","guid":{"rendered":"https:\/\/shop.alausa.org\/?post_type=product&#038;p=1284"},"modified":"2020-11-06T18:55:24","modified_gmt":"2020-11-06T18:55:24","slug":"latvietis-flags-t-shirt","status":"publish","type":"product","link":"https:\/\/shop.alausa.org\/lv\/product\/latvietis-flags-t-shirt\/","title":{"rendered":"T-krekls \u201cLatvietis\u201d ar ASV un LV karogiem"},"content":{"rendered":"<p>Tie\u0161i t\u0101ds T krekls, par k\u0101du sap\u0146oj\u0101t! \u0112rts un labi izskat\u012bsies gan v\u012brie\u0161iem, gan sieviet\u0113m.<\/p>\n<ul>\n<li>Z\u012bmols: Bella + Canvas<\/li>\n<li>100% \u0137emm\u0113t\u0101 un <em>ringspun<\/em> kokvilna (melan\u017e\u0113to kr\u0101su audumi satur poliesteru)<\/li>\n<li>Auduma svars: 4.2 oz (142 g\/m2)<\/li>\n<li>Audums apstr\u0101d\u0101ts pret sarau\u0161anos<\/li>\n<li>Plecu v\u012bles nostiprin\u0101tas ar lentu<\/li>\n<li>S\u0101nu v\u012bles<\/li>\n<\/ul>\n","protected":false},"excerpt":{"rendered":"<p>Tie\u0161i t\u0101ds T krekls, par k\u0101du sap\u0146oj\u0101t! \u0112rts un labi izskat\u012bsies gan v\u012brie\u0161iem, gan sieviet\u0113m. Z\u012bmols: Bella + Canvas 100% \u0137emm\u0113t\u0101 un ringspun kokvilna (melan\u017e\u0113to kr\u0101su audumi satur poliesteru) Auduma svars: 4.2 oz (142 g\/m2) Audums apstr\u0101d\u0101ts pret sarau\u0161anos Plecu v\u012bles nostiprin\u0101tas ar lentu S\u0101nu v\u012bles<\/p>\n","protected":false},"featured_media":712,"template":"","meta":[],"product_cat":[33],"product_tag":[],"_links":{"self":[{"href":"https:\/\/shop.alausa.org\/lv\/wp-json\/wp\/v2\/product\/1284"}],"collection":[{"href":"https:\/\/shop.alausa.org\/lv\/wp-json\/wp\/v2\/product"}],"about":[{"href":"https:\/\/shop.alausa.org\/lv\/wp-json\/wp\/v2\/types\/product"}],"wp:featuredmedia":[{"embeddable":true,"href":"https:\/\/shop.alausa.org\/lv\/wp-json\/wp\/v2\/media\/712"}],"wp:attachment":[{"href":"https:\/\/shop.alausa.org\/lv\/wp-json\/wp\/v2\/media?parent=1284"}],"wp:term":[{"taxonomy":"product_cat","embeddable":true,"href":"https:\/\/shop.alausa.org\/lv\/wp-json\/wp\/v2\/product_cat?post=1284"},{"taxonomy":"product_tag","embeddable":true,"href":"https:\/\/shop.alausa.org\/lv\/wp-json\/wp\/v2\/product_tag?post=1284"}],"curies":[{"name":"wp","href":"https:\/\/api.w.org\/{rel}","templated":true}]}}