{"id":1269,"date":"2020-08-11T15:21:07","date_gmt":"2020-09-28T19:50:29","guid":{"rendered":"https:\/\/shop.alausa.org\/?post_type=product&#038;p=1269"},"modified":"2021-01-31T17:46:44","modified_gmt":"2021-01-31T17:46:44","slug":"latvietis-red-a-t-shirt","status":"publish","type":"product","link":"https:\/\/shop.alausa.org\/lv\/product\/latvietis-red-a-t-shirt\/","title":{"rendered":"T-krekls &#8220;Latvietis&#8221; ar sarkanu \u201cA\u201d burtu"},"content":{"rendered":"<p>Piegu\u013co\u0161s siluets, \u0113rts un m\u012bksts &#8211; \u0161is T-krekls dom\u0101ts tie\u0161i jums. Krekls iztur\u0113s atk\u0101rtotu mazg\u0101\u0161anu un saglab\u0101s formu, t\u0101p\u0113c ir labi piem\u0113rots valk\u0101\u0161anai ikdien\u0101! Priek\u0161pus\u0113 uzraksts &#8220;Latvietis&#8221;, kur\u0101 izmantots &#8220;A&#8221; burts no ALA logo.<\/p>\n<ul>\n<li>100% smalka d\u017eersija kokvilnas trikot\u0101\u017ea<\/li>\n<li>Auduma svars: 4,3 oz \/ y\u00b2 (146 g \/ m\u00b2)<\/li>\n<li>Plecu v\u012bles nostiprin\u0101tas ar lentu<\/li>\n<li>Dubultv\u012bles<\/li>\n<li>Ra\u017eots ASV<\/li>\n<\/ul>\n","protected":false},"excerpt":{"rendered":"<p>Piegu\u013co\u0161s siluets, \u0113rts un m\u012bksts &#8211; \u0161is T-krekls dom\u0101ts tie\u0161i jums. Krekls iztur\u0113s atk\u0101rtotu mazg\u0101\u0161anu un saglab\u0101s formu, t\u0101p\u0113c ir labi piem\u0113rots valk\u0101\u0161anai ikdien\u0101! Priek\u0161pus\u0113 uzraksts &#8220;Latvietis&#8221;, kur\u0101 izmantots &#8220;A&#8221; burts no ALA logo. 100% smalka d\u017eersija kokvilnas trikot\u0101\u017ea Auduma svars: 4,3 oz \/ y\u00b2 (146 g \/ m\u00b2) Plecu v\u012bles nostiprin\u0101tas ar lentu Dubultv\u012bles [&hellip;]<\/p>\n","protected":false},"featured_media":797,"template":"","meta":[],"product_cat":[33],"product_tag":[],"_links":{"self":[{"href":"https:\/\/shop.alausa.org\/lv\/wp-json\/wp\/v2\/product\/1269"}],"collection":[{"href":"https:\/\/shop.alausa.org\/lv\/wp-json\/wp\/v2\/product"}],"about":[{"href":"https:\/\/shop.alausa.org\/lv\/wp-json\/wp\/v2\/types\/product"}],"wp:featuredmedia":[{"embeddable":true,"href":"https:\/\/shop.alausa.org\/lv\/wp-json\/wp\/v2\/media\/797"}],"wp:attachment":[{"href":"https:\/\/shop.alausa.org\/lv\/wp-json\/wp\/v2\/media?parent=1269"}],"wp:term":[{"taxonomy":"product_cat","embeddable":true,"href":"https:\/\/shop.alausa.org\/lv\/wp-json\/wp\/v2\/product_cat?post=1269"},{"taxonomy":"product_tag","embeddable":true,"href":"https:\/\/shop.alausa.org\/lv\/wp-json\/wp\/v2\/product_tag?post=1269"}],"curies":[{"name":"wp","href":"https:\/\/api.w.org\/{rel}","templated":true}]}}