{"id":1226,"date":"2020-08-12T19:18:33","date_gmt":"2020-09-28T19:36:38","guid":{"rendered":"https:\/\/shop.alausa.org\/?post_type=product&#038;p=1226"},"modified":"2020-11-06T18:47:14","modified_gmt":"2020-11-06T18:47:14","slug":"unisex-modern-t-shirt","status":"publish","type":"product","link":"https:\/\/shop.alausa.org\/lv\/product\/unisex-modern-t-shirt\/","title":{"rendered":"Moderns T-krekls (unisex griezums)"},"content":{"rendered":"<p>Tr\u012bs\u0161\u0137iedru materi\u0101ls pie\u0161\u0137ir kreklam <em>vintage <\/em>izskatu un pie\u013cauj piegu\u013co\u0161\u0101ku siluetu. Auduma augst\u0101 kvalit\u0101te \u013cauj \u0161im T-kreklam b\u016bt pat\u012bkamam un \u0113rtam ar\u012b p\u0113c daudzk\u0101rt\u0113jas mazg\u0101\u0161anas.<\/p>\n<ul>\n<li>Tr\u012bs\u0161\u0137iedru audums: 50% poliesters, 25% <em>ringspun<\/em> kokvilna, 25% viskoze<\/li>\n<li>Audums apstr\u0101d\u0101ts pret sarau\u0161anos<\/li>\n<li>Auduma bl\u012bvums: 40 vienk\u0101rtas diegi<\/li>\n<li>\u0112rts un iztur\u012bgs<\/li>\n<li>Moderns griezums<\/li>\n<li>Viegls materi\u0101ls<\/li>\n<\/ul>\n","protected":false},"excerpt":{"rendered":"<p>Tr\u012bs\u0161\u0137iedru materi\u0101ls pie\u0161\u0137ir kreklam vintage izskatu un pie\u013cauj piegu\u013co\u0161\u0101ku siluetu. Auduma augst\u0101 kvalit\u0101te \u013cauj \u0161im T-kreklam b\u016bt pat\u012bkamam un \u0113rtam ar\u012b p\u0113c daudzk\u0101rt\u0113jas mazg\u0101\u0161anas. Tr\u012bs\u0161\u0137iedru audums: 50% poliesters, 25% ringspun kokvilna, 25% viskoze Audums apstr\u0101d\u0101ts pret sarau\u0161anos Auduma bl\u012bvums: 40 vienk\u0101rtas diegi \u0112rts un iztur\u012bgs Moderns griezums Viegls materi\u0101ls<\/p>\n","protected":false},"featured_media":1011,"template":"","meta":[],"product_cat":[33],"product_tag":[],"_links":{"self":[{"href":"https:\/\/shop.alausa.org\/lv\/wp-json\/wp\/v2\/product\/1226"}],"collection":[{"href":"https:\/\/shop.alausa.org\/lv\/wp-json\/wp\/v2\/product"}],"about":[{"href":"https:\/\/shop.alausa.org\/lv\/wp-json\/wp\/v2\/types\/product"}],"wp:featuredmedia":[{"embeddable":true,"href":"https:\/\/shop.alausa.org\/lv\/wp-json\/wp\/v2\/media\/1011"}],"wp:attachment":[{"href":"https:\/\/shop.alausa.org\/lv\/wp-json\/wp\/v2\/media?parent=1226"}],"wp:term":[{"taxonomy":"product_cat","embeddable":true,"href":"https:\/\/shop.alausa.org\/lv\/wp-json\/wp\/v2\/product_cat?post=1226"},{"taxonomy":"product_tag","embeddable":true,"href":"https:\/\/shop.alausa.org\/lv\/wp-json\/wp\/v2\/product_tag?post=1226"}],"curies":[{"name":"wp","href":"https:\/\/api.w.org\/{rel}","templated":true}]}}