{"id":1188,"date":"2020-08-13T16:09:23","date_gmt":"2020-09-28T19:29:50","guid":{"rendered":"https:\/\/shop.alausa.org\/?post_type=product&#038;p=1188"},"modified":"2020-11-06T18:41:53","modified_gmt":"2020-11-06T18:41:53","slug":"latvietis-t-shirt","status":"publish","type":"product","link":"https:\/\/shop.alausa.org\/lv\/product\/latvietis-t-shirt\/","title":{"rendered":"T-krekls &#8220;Latvietis&#8221;"},"content":{"rendered":"<p>Pied\u0101v\u0101jam jaunu <em>crewneck<\/em> sporta kreklu, kuru uzvelkot uzreiz jut\u012bsieties k\u0101 sen iem\u012b\u013cot\u0101 ap\u0123\u0113rb\u0101. \u0160\u012b T-krekla audums\u00a0 austs no poliestera, kokvilnas un viskozes, kas rada \u013coti pat\u012bkamu tekst\u016bru. Audums nodro\u0161ina krekla elast\u012bbu un \u013cauj tam nezaud\u0113t formu. Krekls ir iztur\u012bgs un \u0113rts, ar piegu\u013co\u0161u, slaidu siluetu. Priek\u0161pus\u0113 uzraksts \u201cLatvietis\u201d, kur\u0101 izmantots \u201cA\u201d burts no ALA logo.<\/p>\n<ul>\n<li>50% poliesters, 25% \u0137emm\u0113t\u0101 kokvilna, 25% viskoze<\/li>\n<li>7\/8 &#8220;(2,22 cm) <em>crewneck<\/em> kakla izgriezums ar iztur\u012bgu rievotas lentas apdari<\/li>\n<li>1 &#8220;(2,54 cm) apak\u0161malas apdare ar dubultadatu<\/li>\n<li>1 &#8220;(2,54 cm) piedurknes apdare ar neredzamo d\u016brienu<\/li>\n<li>Pleci nostiprin\u0101ti ar ie\u0161\u016btu lentu<\/li>\n<li>Abpus\u0113j\u0101 sat\u012bna birka<\/li>\n<li>S\u0101nu v\u012bles<\/li>\n<li>Ra\u017eots ASV<\/li>\n<\/ul>\n","protected":false},"excerpt":{"rendered":"<p>Pied\u0101v\u0101jam jaunu crewneck sporta kreklu, kuru uzvelkot uzreiz jut\u012bsieties k\u0101 sen iem\u012b\u013cot\u0101 ap\u0123\u0113rb\u0101. \u0160\u012b T-krekla audums\u00a0 austs no poliestera, kokvilnas un viskozes, kas rada \u013coti pat\u012bkamu tekst\u016bru. Audums nodro\u0161ina krekla elast\u012bbu un \u013cauj tam nezaud\u0113t formu. Krekls ir iztur\u012bgs un \u0113rts, ar piegu\u013co\u0161u, slaidu siluetu. Priek\u0161pus\u0113 uzraksts \u201cLatvietis\u201d, kur\u0101 izmantots \u201cA\u201d burts no ALA logo. [&hellip;]<\/p>\n","protected":false},"featured_media":1079,"template":"","meta":[],"product_cat":[33],"product_tag":[],"_links":{"self":[{"href":"https:\/\/shop.alausa.org\/lv\/wp-json\/wp\/v2\/product\/1188"}],"collection":[{"href":"https:\/\/shop.alausa.org\/lv\/wp-json\/wp\/v2\/product"}],"about":[{"href":"https:\/\/shop.alausa.org\/lv\/wp-json\/wp\/v2\/types\/product"}],"wp:featuredmedia":[{"embeddable":true,"href":"https:\/\/shop.alausa.org\/lv\/wp-json\/wp\/v2\/media\/1079"}],"wp:attachment":[{"href":"https:\/\/shop.alausa.org\/lv\/wp-json\/wp\/v2\/media?parent=1188"}],"wp:term":[{"taxonomy":"product_cat","embeddable":true,"href":"https:\/\/shop.alausa.org\/lv\/wp-json\/wp\/v2\/product_cat?post=1188"},{"taxonomy":"product_tag","embeddable":true,"href":"https:\/\/shop.alausa.org\/lv\/wp-json\/wp\/v2\/product_tag?post=1188"}],"curies":[{"name":"wp","href":"https:\/\/api.w.org\/{rel}","templated":true}]}}