{"id":1184,"date":"2020-09-28T17:31:08","date_gmt":"2020-09-28T19:19:35","guid":{"rendered":"https:\/\/shop.alausa.org\/?post_type=product&#038;p=1184"},"modified":"2020-11-06T18:39:53","modified_gmt":"2020-11-06T18:39:53","slug":"pom-pom-beanie","status":"publish","type":"product","link":"https:\/\/shop.alausa.org\/lv\/product\/pom-pom-beanie\/","title":{"rendered":"Ad\u012bta cepure ar bumbuli"},"content":{"rendered":"<p>Klasiska ad\u012bta cepure ar ALA logo iz\u0161uvumu un bumbuli b\u016bs lielisks papildin\u0101jums j\u016bsu garderobei un, kombin\u0113jot ar jebkuru ziemas ap\u0123\u0113rbu, sniegs jums siltumu un labsaj\u016btu.<\/p>\n<ul>\n<li>100% akrils<\/li>\n<li>Viens izm\u0113rs der visiem<\/li>\n<li>12 collu (30,5 cm) ad\u012bjums<\/li>\n<li>3 \u201d (7,6 cm) atlok\u0101ma mala<\/li>\n<\/ul>\n","protected":false},"excerpt":{"rendered":"<p>Klasiska ad\u012bta cepure ar ALA logo iz\u0161uvumu un bumbuli b\u016bs lielisks papildin\u0101jums j\u016bsu garderobei un, kombin\u0113jot ar jebkuru ziemas ap\u0123\u0113rbu, sniegs jums siltumu un labsaj\u016btu. 100% akrils Viens izm\u0113rs der visiem 12 collu (30,5 cm) ad\u012bjums 3 \u201d (7,6 cm) atlok\u0101ma mala<\/p>\n","protected":false},"featured_media":1125,"template":"","meta":[],"product_cat":[37],"product_tag":[],"_links":{"self":[{"href":"https:\/\/shop.alausa.org\/lv\/wp-json\/wp\/v2\/product\/1184"}],"collection":[{"href":"https:\/\/shop.alausa.org\/lv\/wp-json\/wp\/v2\/product"}],"about":[{"href":"https:\/\/shop.alausa.org\/lv\/wp-json\/wp\/v2\/types\/product"}],"wp:featuredmedia":[{"embeddable":true,"href":"https:\/\/shop.alausa.org\/lv\/wp-json\/wp\/v2\/media\/1125"}],"wp:attachment":[{"href":"https:\/\/shop.alausa.org\/lv\/wp-json\/wp\/v2\/media?parent=1184"}],"wp:term":[{"taxonomy":"product_cat","embeddable":true,"href":"https:\/\/shop.alausa.org\/lv\/wp-json\/wp\/v2\/product_cat?post=1184"},{"taxonomy":"product_tag","embeddable":true,"href":"https:\/\/shop.alausa.org\/lv\/wp-json\/wp\/v2\/product_tag?post=1184"}],"curies":[{"name":"wp","href":"https:\/\/api.w.org\/{rel}","templated":true}]}}