{"id":1171,"date":"2020-09-28T18:09:54","date_gmt":"2020-09-28T19:02:50","guid":{"rendered":"https:\/\/shop.alausa.org\/?post_type=product&#038;p=1171"},"modified":"2020-11-11T17:37:20","modified_gmt":"2020-11-11T17:37:20","slug":"unisex-long-sleeve-tee","status":"publish","type":"product","link":"https:\/\/shop.alausa.org\/lv\/product\/unisex-long-sleeve-tee\/","title":{"rendered":"T-krekls ar gar\u0101m piedurkn\u0113m (unisex griezums)"},"content":{"rendered":"<p>Papildiniet savu garderobi ar multifunkcion\u0101lu T-kreklu ar gar\u0101m piedurkn\u0113m. Ikdien\u0101 varat to valk\u0101t ar\u00a0 d\u017einsiem, pavelkot zem krekla ar pog\u0101m, h\u016bdija ar r\u0101v\u0113jsl\u0113dzi vai \u017eaketes. Kad vajag uzposties, kombin\u0113jiet ar uzvalka vai <em>chino<\/em> stila biks\u0113m.<\/p>\n<ul>\n<li>Z\u012bmols: Bella + Canvas*<\/li>\n<li>100% \u0137emm\u0113t\u0101 un <em>ringspun<\/em> kokvilna<\/li>\n<li>Auduma bl\u012bvums: 32 vienk\u0101rtas diegi<\/li>\n<li>Slaids siluets<\/li>\n<li><em>Crewneck<\/em> tipa kakla izgriezums<\/li>\n<li>Overloka kakla apdare<\/li>\n<li>2 &#8221; platas rievotas piedurk\u0146u man\u0161etes<\/li>\n<li>S\u0101nu v\u012bles<\/li>\n<\/ul>\n<p><em>*Alternat\u012bvs: American Apparel<\/em><\/p>\n","protected":false},"excerpt":{"rendered":"<p>Papildiniet savu garderobi ar multifunkcion\u0101lu T-kreklu ar gar\u0101m piedurkn\u0113m. Ikdien\u0101 varat to valk\u0101t ar\u00a0 d\u017einsiem, pavelkot zem krekla ar pog\u0101m, h\u016bdija ar r\u0101v\u0113jsl\u0113dzi vai \u017eaketes. Kad vajag uzposties, kombin\u0113jiet ar uzvalka vai chino stila biks\u0113m. Z\u012bmols: Bella + Canvas* 100% \u0137emm\u0113t\u0101 un ringspun kokvilna Auduma bl\u012bvums: 32 vienk\u0101rtas diegi Slaids siluets Crewneck tipa kakla izgriezums [&hellip;]<\/p>\n","protected":false},"featured_media":1166,"template":"","meta":[],"product_cat":[33],"product_tag":[],"_links":{"self":[{"href":"https:\/\/shop.alausa.org\/lv\/wp-json\/wp\/v2\/product\/1171"}],"collection":[{"href":"https:\/\/shop.alausa.org\/lv\/wp-json\/wp\/v2\/product"}],"about":[{"href":"https:\/\/shop.alausa.org\/lv\/wp-json\/wp\/v2\/types\/product"}],"wp:featuredmedia":[{"embeddable":true,"href":"https:\/\/shop.alausa.org\/lv\/wp-json\/wp\/v2\/media\/1166"}],"wp:attachment":[{"href":"https:\/\/shop.alausa.org\/lv\/wp-json\/wp\/v2\/media?parent=1171"}],"wp:term":[{"taxonomy":"product_cat","embeddable":true,"href":"https:\/\/shop.alausa.org\/lv\/wp-json\/wp\/v2\/product_cat?post=1171"},{"taxonomy":"product_tag","embeddable":true,"href":"https:\/\/shop.alausa.org\/lv\/wp-json\/wp\/v2\/product_tag?post=1171"}],"curies":[{"name":"wp","href":"https:\/\/api.w.org\/{rel}","templated":true}]}}